{"id":1389,"date":"2024-08-19T10:40:08","date_gmt":"2024-08-19T10:40:08","guid":{"rendered":"https:\/\/megatedarikcim.com\/megatr\/?post_type=product&#038;p=1389"},"modified":"2024-08-19T10:40:08","modified_gmt":"2024-08-19T10:40:08","slug":"89mm-pet-kubbe-kapagi-capraz-delikli","status":"publish","type":"product","link":"https:\/\/megatedarikcim.com\/megatr\/urun\/89mm-pet-kubbe-kapagi-capraz-delikli\/","title":{"rendered":"89mm PET Kubbe Kapa\u011f\u0131 \u00c7apraz Delikli"},"content":{"rendered":"<p> koli i\u00e7i adet: 1000 <\/p>\n<p> \u00fcr\u00fcn \u00f6l\u00e7\u00fc : 89mm <\/p>\n<p> koli boyutu : 45x45x18 <\/p>\n","protected":false},"excerpt":{"rendered":"<p>koli i\u00e7i adet: 1000 \u00fcr\u00fcn \u00f6l\u00e7\u00fc : 89mm koli boyutu : 45x45x18<\/p>\n","protected":false},"featured_media":1390,"comment_status":"open","ping_status":"closed","template":"","meta":[],"product_brand":[],"product_cat":[48],"product_tag":[388],"class_list":{"0":"post-1389","1":"product","2":"type-product","3":"status-publish","4":"has-post-thumbnail","6":"product_cat-bardak-kapak","7":"product_tag-89mm-pet-kubbe-kapagi-capraz-delikli","9":"first","10":"instock","11":"taxable","12":"shipping-taxable","13":"product-type-simple"},"_links":{"self":[{"href":"https:\/\/megatedarikcim.com\/megatr\/wp-json\/wp\/v2\/product\/1389"}],"collection":[{"href":"https:\/\/megatedarikcim.com\/megatr\/wp-json\/wp\/v2\/product"}],"about":[{"href":"https:\/\/megatedarikcim.com\/megatr\/wp-json\/wp\/v2\/types\/product"}],"replies":[{"embeddable":true,"href":"https:\/\/megatedarikcim.com\/megatr\/wp-json\/wp\/v2\/comments?post=1389"}],"wp:featuredmedia":[{"embeddable":true,"href":"https:\/\/megatedarikcim.com\/megatr\/wp-json\/wp\/v2\/media\/1390"}],"wp:attachment":[{"href":"https:\/\/megatedarikcim.com\/megatr\/wp-json\/wp\/v2\/media?parent=1389"}],"wp:term":[{"taxonomy":"product_brand","embeddable":true,"href":"https:\/\/megatedarikcim.com\/megatr\/wp-json\/wp\/v2\/product_brand?post=1389"},{"taxonomy":"product_cat","embeddable":true,"href":"https:\/\/megatedarikcim.com\/megatr\/wp-json\/wp\/v2\/product_cat?post=1389"},{"taxonomy":"product_tag","embeddable":true,"href":"https:\/\/megatedarikcim.com\/megatr\/wp-json\/wp\/v2\/product_tag?post=1389"}],"curies":[{"name":"wp","href":"https:\/\/api.w.org\/{rel}","templated":true}]}}