{"id":1569,"date":"2024-08-29T14:17:20","date_gmt":"2024-08-29T14:17:20","guid":{"rendered":"https:\/\/megatedarikcim.com\/megatr\/?post_type=product&#038;p=1569"},"modified":"2024-08-29T14:17:20","modified_gmt":"2024-08-29T14:17:20","slug":"kk-7006-moderno-dikdortgen-650-cc","status":"publish","type":"product","link":"https:\/\/megatedarikcim.com\/megatr\/urun\/kk-7006-moderno-dikdortgen-650-cc\/","title":{"rendered":"KK 7006 &#8211; Moderno Dikd\u00f6rtgen, 650 cc"},"content":{"rendered":"<p> \u00fcr\u00fcn hacmi : 650cc <\/p>\n<p> koli i\u00e7i adet : 100 <\/p>\n<p> koli boyutlar\u0131 : 595x395x450<\/p>\n<p> \u00fcr\u00fcn boyutu : 177x91x58 <\/p>\n","protected":false},"excerpt":{"rendered":"<p>\u00fcr\u00fcn hacmi : 650cc koli i\u00e7i adet : 100 koli boyutlar\u0131 : 595x395x450 \u00fcr\u00fcn boyutu : 177x91x58<\/p>\n","protected":false},"featured_media":1570,"comment_status":"open","ping_status":"closed","template":"","meta":[],"product_brand":[],"product_cat":[15],"product_tag":[418,459],"class_list":{"0":"post-1569","1":"product","2":"type-product","3":"status-publish","4":"has-post-thumbnail","6":"product_cat-genel","7":"product_tag-650-cc","8":"product_tag-kk-7006-moderno-dikdortgen","10":"first","11":"instock","12":"taxable","13":"shipping-taxable","14":"product-type-simple"},"_links":{"self":[{"href":"https:\/\/megatedarikcim.com\/megatr\/wp-json\/wp\/v2\/product\/1569"}],"collection":[{"href":"https:\/\/megatedarikcim.com\/megatr\/wp-json\/wp\/v2\/product"}],"about":[{"href":"https:\/\/megatedarikcim.com\/megatr\/wp-json\/wp\/v2\/types\/product"}],"replies":[{"embeddable":true,"href":"https:\/\/megatedarikcim.com\/megatr\/wp-json\/wp\/v2\/comments?post=1569"}],"wp:featuredmedia":[{"embeddable":true,"href":"https:\/\/megatedarikcim.com\/megatr\/wp-json\/wp\/v2\/media\/1570"}],"wp:attachment":[{"href":"https:\/\/megatedarikcim.com\/megatr\/wp-json\/wp\/v2\/media?parent=1569"}],"wp:term":[{"taxonomy":"product_brand","embeddable":true,"href":"https:\/\/megatedarikcim.com\/megatr\/wp-json\/wp\/v2\/product_brand?post=1569"},{"taxonomy":"product_cat","embeddable":true,"href":"https:\/\/megatedarikcim.com\/megatr\/wp-json\/wp\/v2\/product_cat?post=1569"},{"taxonomy":"product_tag","embeddable":true,"href":"https:\/\/megatedarikcim.com\/megatr\/wp-json\/wp\/v2\/product_tag?post=1569"}],"curies":[{"name":"wp","href":"https:\/\/api.w.org\/{rel}","templated":true}]}}