{"id":1572,"date":"2024-08-29T14:19:21","date_gmt":"2024-08-29T14:19:21","guid":{"rendered":"https:\/\/megatedarikcim.com\/megatr\/?post_type=product&#038;p=1572"},"modified":"2024-08-29T14:19:21","modified_gmt":"2024-08-29T14:19:21","slug":"kk-7000-moderno-square-1150-cc","status":"publish","type":"product","link":"https:\/\/megatedarikcim.com\/megatr\/urun\/kk-7000-moderno-square-1150-cc\/","title":{"rendered":"KK 7000 &#8211; Moderno Square, 1150 cc"},"content":{"rendered":"<p> \u00fcr\u00fcn hacmi : 1150cc <\/p>\n<p> koli i\u00e7i adet : 80 <\/p>\n<p> koli boyutlar\u0131 : 595x395x450<\/p>\n<p> \u00fcr\u00fcn boyutu : 206x206x35<\/p>\n","protected":false},"excerpt":{"rendered":"<p>\u00fcr\u00fcn hacmi : 1150cc koli i\u00e7i adet : 80 koli boyutlar\u0131 : 595x395x450 \u00fcr\u00fcn boyutu : 206x206x35<\/p>\n","protected":false},"featured_media":1574,"comment_status":"open","ping_status":"closed","template":"","meta":[],"product_brand":[],"product_cat":[15],"product_tag":[461,460],"class_list":{"0":"post-1572","1":"product","2":"type-product","3":"status-publish","4":"has-post-thumbnail","6":"product_cat-genel","7":"product_tag-1150-cc","8":"product_tag-kk-7000-moderno-square","10":"first","11":"instock","12":"taxable","13":"shipping-taxable","14":"product-type-simple"},"_links":{"self":[{"href":"https:\/\/megatedarikcim.com\/megatr\/wp-json\/wp\/v2\/product\/1572"}],"collection":[{"href":"https:\/\/megatedarikcim.com\/megatr\/wp-json\/wp\/v2\/product"}],"about":[{"href":"https:\/\/megatedarikcim.com\/megatr\/wp-json\/wp\/v2\/types\/product"}],"replies":[{"embeddable":true,"href":"https:\/\/megatedarikcim.com\/megatr\/wp-json\/wp\/v2\/comments?post=1572"}],"wp:featuredmedia":[{"embeddable":true,"href":"https:\/\/megatedarikcim.com\/megatr\/wp-json\/wp\/v2\/media\/1574"}],"wp:attachment":[{"href":"https:\/\/megatedarikcim.com\/megatr\/wp-json\/wp\/v2\/media?parent=1572"}],"wp:term":[{"taxonomy":"product_brand","embeddable":true,"href":"https:\/\/megatedarikcim.com\/megatr\/wp-json\/wp\/v2\/product_brand?post=1572"},{"taxonomy":"product_cat","embeddable":true,"href":"https:\/\/megatedarikcim.com\/megatr\/wp-json\/wp\/v2\/product_cat?post=1572"},{"taxonomy":"product_tag","embeddable":true,"href":"https:\/\/megatedarikcim.com\/megatr\/wp-json\/wp\/v2\/product_tag?post=1572"}],"curies":[{"name":"wp","href":"https:\/\/api.w.org\/{rel}","templated":true}]}}