{"id":407,"date":"2024-08-05T09:45:10","date_gmt":"2024-08-05T09:45:10","guid":{"rendered":"https:\/\/megatedarikcim.com\/megatr\/?post_type=product&#038;p=407"},"modified":"2024-08-15T09:27:18","modified_gmt":"2024-08-15T09:27:18","slug":"325x265-h100-et-kabi","status":"publish","type":"product","link":"https:\/\/megatedarikcim.com\/megatr\/urun\/325x265-h100-et-kabi\/","title":{"rendered":"325&#215;265 H:100 Et Kab\u0131"},"content":{"rendered":"<p>\u00fcr\u00fcn kodu: 5067<\/br><br \/>\n<br \/>\u00fcr\u00fcn \u00f6l\u00e7\u00fc: 325x265x100<\/br><br \/>\n<br \/>koli i\u00e7i adet: 120<\/br><br \/>\n<br \/>koli \u00f6l\u00e7\u00fcs\u00fc: 540x335x600<\/br><\/p>\n","protected":false},"excerpt":{"rendered":"<p>\u00fcr\u00fcn kodu: 5067 \u00fcr\u00fcn \u00f6l\u00e7\u00fc: 325x265x100 koli i\u00e7i adet: 120 koli \u00f6l\u00e7\u00fcs\u00fc: 540x335x600<\/p>\n","protected":false},"featured_media":408,"comment_status":"open","ping_status":"closed","template":"","meta":[],"product_brand":[],"product_cat":[46],"product_tag":[82],"class_list":{"0":"post-407","1":"product","2":"type-product","3":"status-publish","4":"has-post-thumbnail","6":"product_cat-vakum-kabi","7":"product_tag-82","9":"first","10":"instock","11":"taxable","12":"shipping-taxable","13":"product-type-simple"},"_links":{"self":[{"href":"https:\/\/megatedarikcim.com\/megatr\/wp-json\/wp\/v2\/product\/407"}],"collection":[{"href":"https:\/\/megatedarikcim.com\/megatr\/wp-json\/wp\/v2\/product"}],"about":[{"href":"https:\/\/megatedarikcim.com\/megatr\/wp-json\/wp\/v2\/types\/product"}],"replies":[{"embeddable":true,"href":"https:\/\/megatedarikcim.com\/megatr\/wp-json\/wp\/v2\/comments?post=407"}],"wp:featuredmedia":[{"embeddable":true,"href":"https:\/\/megatedarikcim.com\/megatr\/wp-json\/wp\/v2\/media\/408"}],"wp:attachment":[{"href":"https:\/\/megatedarikcim.com\/megatr\/wp-json\/wp\/v2\/media?parent=407"}],"wp:term":[{"taxonomy":"product_brand","embeddable":true,"href":"https:\/\/megatedarikcim.com\/megatr\/wp-json\/wp\/v2\/product_brand?post=407"},{"taxonomy":"product_cat","embeddable":true,"href":"https:\/\/megatedarikcim.com\/megatr\/wp-json\/wp\/v2\/product_cat?post=407"},{"taxonomy":"product_tag","embeddable":true,"href":"https:\/\/megatedarikcim.com\/megatr\/wp-json\/wp\/v2\/product_tag?post=407"}],"curies":[{"name":"wp","href":"https:\/\/api.w.org\/{rel}","templated":true}]}}