{"id":690,"date":"2024-08-07T12:52:33","date_gmt":"2024-08-07T12:52:33","guid":{"rendered":"https:\/\/megatedarikcim.com\/megatr\/?post_type=product&#038;p=690"},"modified":"2024-08-07T12:52:33","modified_gmt":"2024-08-07T12:52:33","slug":"sir-1000-gr","status":"publish","type":"product","link":"https:\/\/megatedarikcim.com\/megatr\/urun\/sir-1000-gr\/","title":{"rendered":"SIR 1000 GR"},"content":{"rendered":"<p> koli i\u00e7i adet: 250 <\/p>\n<p> koli \u00f6l\u00e7\u00fcleri : 70x38x38<\/p>\n<p> \u00fcr\u00fcn \u00f6l\u00e7\u011fleri : 377x184x78 <\/p>\n<p> kapak: kendinden kapakl\u0131 <\/p>\n","protected":false},"excerpt":{"rendered":"<p>koli i\u00e7i adet: 250 koli \u00f6l\u00e7\u00fcleri : 70x38x38 \u00fcr\u00fcn \u00f6l\u00e7\u011fleri : 377x184x78 kapak: kendinden kapakl\u0131<\/p>\n","protected":false},"featured_media":691,"comment_status":"open","ping_status":"closed","template":"","meta":[],"product_brand":[],"product_cat":[45],"product_tag":[170],"class_list":{"0":"post-690","1":"product","2":"type-product","3":"status-publish","4":"has-post-thumbnail","6":"product_cat-salata-kabi","7":"product_tag-sir-1000-gr","9":"first","10":"instock","11":"taxable","12":"shipping-taxable","13":"product-type-simple"},"_links":{"self":[{"href":"https:\/\/megatedarikcim.com\/megatr\/wp-json\/wp\/v2\/product\/690"}],"collection":[{"href":"https:\/\/megatedarikcim.com\/megatr\/wp-json\/wp\/v2\/product"}],"about":[{"href":"https:\/\/megatedarikcim.com\/megatr\/wp-json\/wp\/v2\/types\/product"}],"replies":[{"embeddable":true,"href":"https:\/\/megatedarikcim.com\/megatr\/wp-json\/wp\/v2\/comments?post=690"}],"wp:featuredmedia":[{"embeddable":true,"href":"https:\/\/megatedarikcim.com\/megatr\/wp-json\/wp\/v2\/media\/691"}],"wp:attachment":[{"href":"https:\/\/megatedarikcim.com\/megatr\/wp-json\/wp\/v2\/media?parent=690"}],"wp:term":[{"taxonomy":"product_brand","embeddable":true,"href":"https:\/\/megatedarikcim.com\/megatr\/wp-json\/wp\/v2\/product_brand?post=690"},{"taxonomy":"product_cat","embeddable":true,"href":"https:\/\/megatedarikcim.com\/megatr\/wp-json\/wp\/v2\/product_cat?post=690"},{"taxonomy":"product_tag","embeddable":true,"href":"https:\/\/megatedarikcim.com\/megatr\/wp-json\/wp\/v2\/product_tag?post=690"}],"curies":[{"name":"wp","href":"https:\/\/api.w.org\/{rel}","templated":true}]}}