{"id":998,"date":"2024-08-13T12:00:23","date_gmt":"2024-08-13T12:00:23","guid":{"rendered":"https:\/\/megatedarikcim.com\/megatr\/?post_type=product&#038;p=998"},"modified":"2024-08-15T06:55:54","modified_gmt":"2024-08-15T06:55:54","slug":"ozge-menu-box-duz-set","status":"publish","type":"product","link":"https:\/\/megatedarikcim.com\/megatr\/urun\/ozge-menu-box-duz-set\/","title":{"rendered":"MENU BOX D\u00dcZ SET"},"content":{"rendered":"<p> koli i\u00e7i adet: 100 <\/p>\n<p> koli \u00f6l\u00e7\u00fcleri : 50x40x44 <\/p>\n<p> \u00fcr\u00fcn \u00f6l\u00e7\u00fcleri : 243x208x70 <br \/>\n<br< kapak : Ayr\u0131 olarak var <br\/<\n<\/p>\n","protected":false},"excerpt":{"rendered":"<p>koli i\u00e7i adet: 100 koli \u00f6l\u00e7\u00fcleri : 50x40x44 \u00fcr\u00fcn \u00f6l\u00e7\u00fcleri : 243x208x70<\/p>\n","protected":false},"featured_media":1000,"comment_status":"open","ping_status":"closed","template":"","meta":[],"product_brand":[],"product_cat":[44],"product_tag":[277],"class_list":{"0":"post-998","1":"product","2":"type-product","3":"status-publish","4":"has-post-thumbnail","6":"product_cat-02-sicakyemek","7":"product_tag-menu-box-duz-set","9":"first","10":"instock","11":"taxable","12":"shipping-taxable","13":"product-type-simple"},"_links":{"self":[{"href":"https:\/\/megatedarikcim.com\/megatr\/wp-json\/wp\/v2\/product\/998"}],"collection":[{"href":"https:\/\/megatedarikcim.com\/megatr\/wp-json\/wp\/v2\/product"}],"about":[{"href":"https:\/\/megatedarikcim.com\/megatr\/wp-json\/wp\/v2\/types\/product"}],"replies":[{"embeddable":true,"href":"https:\/\/megatedarikcim.com\/megatr\/wp-json\/wp\/v2\/comments?post=998"}],"wp:featuredmedia":[{"embeddable":true,"href":"https:\/\/megatedarikcim.com\/megatr\/wp-json\/wp\/v2\/media\/1000"}],"wp:attachment":[{"href":"https:\/\/megatedarikcim.com\/megatr\/wp-json\/wp\/v2\/media?parent=998"}],"wp:term":[{"taxonomy":"product_brand","embeddable":true,"href":"https:\/\/megatedarikcim.com\/megatr\/wp-json\/wp\/v2\/product_brand?post=998"},{"taxonomy":"product_cat","embeddable":true,"href":"https:\/\/megatedarikcim.com\/megatr\/wp-json\/wp\/v2\/product_cat?post=998"},{"taxonomy":"product_tag","embeddable":true,"href":"https:\/\/megatedarikcim.com\/megatr\/wp-json\/wp\/v2\/product_tag?post=998"}],"curies":[{"name":"wp","href":"https:\/\/api.w.org\/{rel}","templated":true}]}}